{"id":278,"date":"2024-02-27T10:10:31","date_gmt":"2024-02-27T09:10:31","guid":{"rendered":"https:\/\/pecango.com\/?page_id=278"},"modified":"2025-03-21T09:09:00","modified_gmt":"2025-03-21T08:09:00","slug":"nuestros-productos","status":"publish","type":"page","link":"https:\/\/pecango.com\/en\/nuestros-productos\/","title":{"rendered":"Our products"},"content":{"rendered":"\n[et_pb_section fb_built=\u00bb1&#8243; admin_label=\u00bbHeader\u00bb _builder_version=\u00bb4.17.4&#8243; _module_preset=\u00bbdefault\u00bb background_color=\u00bb#E1E9E5&#8243; overflow-x=\u00bbhidden\u00bb overflow-y=\u00bbhidden\u00bb custom_padding=\u00bb||0px||false|false\u00bb collapsed=\u00bbon\u00bb global_colors_info=\u00bb{}\u00bb][et_pb_row column_structure=\u00bb3_5,2_5&#8243; _builder_version=\u00bb4.17.4&#8243; _module_preset=\u00bbdefault\u00bb z_index=\u00bb10&#8243; custom_margin=\u00bb||||false|false\u00bb global_colors_info=\u00bb{}\u00bb][et_pb_column type=\u00bb3_5&#8243; _builder_version=\u00bb4.17.4&#8243; _module_preset=\u00bbdefault\u00bb global_colors_info=\u00bb{}\u00bb][et_pb_text _builder_version=\u00bb4.24.0&#8243; _module_preset=\u00bbc16985e1-e0d6-4022-964d-e2bfc04fa633&#8243; header_font=\u00bbDarker Grotesque|700|||||||\u00bb header_text_color=\u00bb#000000&#8243; header_font_size=\u00bb83px\u00bb header_line_height=\u00bb0.9em\u00bb header_font_size_tablet=\u00bb40px\u00bb header_font_size_phone=\u00bb24px\u00bb header_font_size_last_edited=\u00bbon|phone\u00bb global_colors_info=\u00bb{}\u00bb]<h1>Nuestros productos<\/h1>[\/et_pb_text][et_pb_text _builder_version=\u00bb4.24.0&#8243; _module_preset=\u00bb518880c8-46c7-4ffa-b5a6-93ffa99dcc17&#8243; text_font=\u00bbDarker Grotesque|500|||||||\u00bb text_text_color=\u00bb#000000&#8243; text_font_size=\u00bb24px\u00bb text_line_height=\u00bb1.4em\u00bb text_font_size_tablet=\u00bb20px\u00bb text_font_size_phone=\u00bb16px\u00bb text_font_size_last_edited=\u00bbon|phone\u00bb global_colors_info=\u00bb{}\u00bb]<p>\u00a1Pr\u00f3ximamente disponible nuestra tienda online de pecanas! <span>Nos dedicamos exclusivamente al cultivo y venta del Pec\u00e1n (<\/span><em>Carya Illionensis<\/em><span>) tanto en c\u00e1scara como en grano, comercializando toda nuestra producci\u00f3n y la de nuestros clientes.<\/span><\/p>[\/et_pb_text][\/et_pb_column][et_pb_column type=\u00bb2_5&#8243; _builder_version=\u00bb4.17.4&#8243; _module_preset=\u00bbdefault\u00bb global_colors_info=\u00bb{}\u00bb][et_pb_image src=\u00bbhttps:\/\/pecango.com\/wp-content\/uploads\/2024\/02\/2.png\u00bb title_text=\u00bb2&#8243; align_last_edited=\u00bboff|tablet\u00bb disabled_on=\u00bbon|on|off\u00bb _builder_version=\u00bb4.24.0&#8243; _module_preset=\u00bbdefault\u00bb width_tablet=\u00bb60%\u00bb width_phone=\u00bb60%\u00bb width_last_edited=\u00bbon|tablet\u00bb max_height=\u00bb600px\u00bb custom_margin=\u00bb-145px|-20vw||0vw|false|false\u00bb custom_margin_tablet=\u00bb|0vw||0vw|false|false\u00bb custom_margin_phone=\u00bb|0vw||0vw|false|false\u00bb custom_margin_last_edited=\u00bbon|tablet\u00bb module_alignment_tablet=\u00bbright\u00bb module_alignment_phone=\u00bbright\u00bb module_alignment_last_edited=\u00bbon|tablet\u00bb border_radii=\u00bbon|400px|400px|400px|400px\u00bb border_width_all=\u00bb1vw\u00bb border_color_all=\u00bbRGBA(255,255,255,0)\u00bb border_width_all_tablet=\u00bb2vw\u00bb border_width_all_phone=\u00bb2vw\u00bb border_width_all_last_edited=\u00bbon|phone\u00bb box_shadow_style=\u00bbpreset1&#8243; box_shadow_vertical=\u00bb0px\u00bb box_shadow_blur=\u00bb0px\u00bb box_shadow_spread=\u00bb10px\u00bb box_shadow_color=\u00bb#000000&#8243; locked=\u00bboff\u00bb global_colors_info=\u00bb{}\u00bb][\/et_pb_image][\/et_pb_column][\/et_pb_row][et_pb_row _builder_version=\u00bb4.17.4&#8243; _module_preset=\u00bbdefault\u00bb positioning=\u00bbabsolute\u00bb position_origin_a=\u00bbbottom_center\u00bb width=\u00bb100%\u00bb max_width=\u00bb100%\u00bb custom_padding=\u00bb||0px||false|false\u00bb global_colors_info=\u00bb{}\u00bb][et_pb_column type=\u00bb4_4&#8243; _builder_version=\u00bb4.17.4&#8243; _module_preset=\u00bbdefault\u00bb global_colors_info=\u00bb{}\u00bb][et_pb_image src=\u00bbhttps:\/\/pecango.com\/wp-content\/uploads\/2024\/02\/brush-bg-01d.png\u00bb title_text=\u00bbbrush-bg-01d\u00bb force_fullwidth=\u00bbon\u00bb _builder_version=\u00bb4.17.4&#8243; _module_preset=\u00bbdefault\u00bb custom_margin=\u00bb||||false|false\u00bb custom_padding=\u00bb0px|||||\u00bb global_colors_info=\u00bb{}\u00bb][\/et_pb_image][\/et_pb_column][\/et_pb_row][\/et_pb_section][et_pb_section fb_built=\u00bb1&#8243; admin_label=\u00bbMenu\u00bb _builder_version=\u00bb4.17.4&#8243; _module_preset=\u00bbdefault\u00bb collapsed=\u00bbon\u00bb global_colors_info=\u00bb{}\u00bb][et_pb_row column_structure=\u00bb1_2,1_2&#8243; _builder_version=\u00bb4.24.0&#8243; _module_preset=\u00bbdefault\u00bb global_colors_info=\u00bb{}\u00bb][et_pb_column type=\u00bb1_2&#8243; _builder_version=\u00bb4.24.0&#8243; _module_preset=\u00bbdefault\u00bb global_colors_info=\u00bb{}\u00bb][et_pb_image src=\u00bbhttps:\/\/pecango.com\/wp-content\/uploads\/2024\/02\/7.png\u00bb title_text=\u00bb7&#8243; _builder_version=\u00bb4.24.0&#8243; _module_preset=\u00bbdefault\u00bb global_colors_info=\u00bb{}\u00bb][\/et_pb_image][et_pb_image src=\u00bbhttps:\/\/pecango.com\/wp-content\/uploads\/2024\/02\/Diseno-sin-titulo-1-3.png\u00bb title_text=\u00bbDise\u00f1o sin t\u00edtulo (1)\u00bb _builder_version=\u00bb4.24.0&#8243; _module_preset=\u00bbdefault\u00bb global_colors_info=\u00bb{}\u00bb][\/et_pb_image][\/et_pb_column][et_pb_column type=\u00bb1_2&#8243; _builder_version=\u00bb4.24.0&#8243; _module_preset=\u00bbdefault\u00bb global_colors_info=\u00bb{}\u00bb][et_pb_image src=\u00bbhttps:\/\/pecango.com\/wp-content\/uploads\/2024\/02\/2-1.png\u00bb title_text=\u00bb2&#8243; _builder_version=\u00bb4.24.0&#8243; _module_preset=\u00bbdefault\u00bb global_colors_info=\u00bb{}\u00bb][\/et_pb_image][et_pb_image src=\u00bbhttps:\/\/pecango.com\/wp-content\/uploads\/2024\/02\/nogal-pecanero-pecano-western-schley.jpg\u00bb title_text=\u00bbnogal-pecanero-pecano-western-schley\u00bb _builder_version=\u00bb4.24.0&#8243; _module_preset=\u00bbdefault\u00bb global_colors_info=\u00bb{}\u00bb][\/et_pb_image][\/et_pb_column][\/et_pb_row][\/et_pb_section][et_pb_section fb_built=\u00bb1&#8243; _builder_version=\u00bb4.24.2&#8243; _module_preset=\u00bbdefault\u00bb global_colors_info=\u00bb{}\u00bb][et_pb_row column_structure=\u00bb1_5,1_5,1_5,1_5,1_5&#8243; _builder_version=\u00bb4.24.2&#8243; _module_preset=\u00bbdefault\u00bb global_colors_info=\u00bb{}\u00bb][et_pb_column type=\u00bb1_5&#8243; _builder_version=\u00bb4.24.2&#8243; _module_preset=\u00bbdefault\u00bb global_colors_info=\u00bb{}\u00bb][et_pb_image src=\u00bbhttps:\/\/pecango.com\/wp-content\/uploads\/2024\/03\/pecana1.jpg\u00bb title_text=\u00bbpecana1&#8243; align=\u00bbcenter\u00bb _builder_version=\u00bb4.24.2&#8243; _module_preset=\u00bbdefault\u00bb global_colors_info=\u00bb{}\u00bb][\/et_pb_image][et_pb_text _builder_version=\u00bb4.24.2&#8243; _module_preset=\u00bbdefault\u00bb text_font=\u00bbDarker Grotesque|600|||||||\u00bb text_text_color=\u00bb#000000&#8243; text_font_size=\u00bb16px\u00bb text_orientation=\u00bbcenter\u00bb global_colors_info=\u00bb{}\u00bb]<p>CREAM FANCY\u00a0 GRADE<\/p>[\/et_pb_text][\/et_pb_column][et_pb_column type=\u00bb1_5&#8243; _builder_version=\u00bb4.24.2&#8243; _module_preset=\u00bbdefault\u00bb global_colors_info=\u00bb{}\u00bb][et_pb_image src=\u00bbhttps:\/\/pecango.com\/wp-content\/uploads\/2024\/03\/pecana-2.jpg\u00bb title_text=\u00bbpecana 2&#8243; align=\u00bbcenter\u00bb _builder_version=\u00bb4.24.2&#8243; _module_preset=\u00bbdefault\u00bb global_colors_info=\u00bb{}\u00bb][\/et_pb_image][et_pb_text _builder_version=\u00bb4.24.2&#8243; _module_preset=\u00bbdefault\u00bb text_font=\u00bbDarker Grotesque|600|||||||\u00bb text_text_color=\u00bb#000000&#8243; text_font_size=\u00bb16px\u00bb text_orientation=\u00bbcenter\u00bb global_colors_info=\u00bb{}\u00bb]<p>GOLDEN FANCY GRADE<\/p>[\/et_pb_text][\/et_pb_column][et_pb_column type=\u00bb1_5&#8243; _builder_version=\u00bb4.24.2&#8243; _module_preset=\u00bbdefault\u00bb global_colors_info=\u00bb{}\u00bb][et_pb_image src=\u00bbhttps:\/\/pecango.com\/wp-content\/uploads\/2024\/03\/pecana-3.jpg\u00bb title_text=\u00bbpecana 3&#8243; align=\u00bbcenter\u00bb _builder_version=\u00bb4.24.2&#8243; _module_preset=\u00bbdefault\u00bb global_colors_info=\u00bb{}\u00bb][\/et_pb_image][et_pb_text _builder_version=\u00bb4.24.2&#8243; _module_preset=\u00bbdefault\u00bb text_font=\u00bbDarker Grotesque|600|||||||\u00bb text_text_color=\u00bb#000000&#8243; text_font_size=\u00bb16px\u00bb text_orientation=\u00bbcenter\u00bb global_colors_info=\u00bb{}\u00bb]<p>LIGHT BROWN FANCY GRADE<\/p>[\/et_pb_text][\/et_pb_column][et_pb_column type=\u00bb1_5&#8243; _builder_version=\u00bb4.24.2&#8243; _module_preset=\u00bbdefault\u00bb global_colors_info=\u00bb{}\u00bb][et_pb_image src=\u00bbhttps:\/\/pecango.com\/wp-content\/uploads\/2024\/03\/pecana-4.jpg\u00bb title_text=\u00bbpecana 4&#8243; align=\u00bbcenter\u00bb _builder_version=\u00bb4.24.2&#8243; _module_preset=\u00bbdefault\u00bb global_colors_info=\u00bb{}\u00bb][\/et_pb_image][et_pb_text _builder_version=\u00bb4.24.2&#8243; _module_preset=\u00bbdefault\u00bb text_font=\u00bbDarker Grotesque|600|||||||\u00bb text_text_color=\u00bb#000000&#8243; text_font_size=\u00bb16px\u00bb text_orientation=\u00bbcenter\u00bb global_colors_info=\u00bb{}\u00bb]<p>BROWN STANDARD GRADE<\/p>[\/et_pb_text][\/et_pb_column][et_pb_column type=\u00bb1_5&#8243; _builder_version=\u00bb4.24.2&#8243; _module_preset=\u00bbdefault\u00bb global_colors_info=\u00bb{}\u00bb][et_pb_image src=\u00bbhttps:\/\/pecango.com\/wp-content\/uploads\/2024\/03\/pecana-5.jpg\u00bb title_text=\u00bbpecana 5&#8243; align=\u00bbcenter\u00bb _builder_version=\u00bb4.24.2&#8243; _module_preset=\u00bbdefault\u00bb global_colors_info=\u00bb{}\u00bb][\/et_pb_image][et_pb_text _builder_version=\u00bb4.24.2&#8243; _module_preset=\u00bbdefault\u00bb text_font=\u00bbDarker Grotesque|600|||||||\u00bb text_text_color=\u00bb#000000&#8243; text_font_size=\u00bb16px\u00bb text_orientation=\u00bbcenter\u00bb global_colors_info=\u00bb{}\u00bb]<p>BLACK DAMAGED<\/p>[\/et_pb_text][\/et_pb_column][\/et_pb_row][et_pb_row column_structure=\u00bb1_2,1_2&#8243; _builder_version=\u00bb4.24.2&#8243; _module_preset=\u00bbdefault\u00bb global_colors_info=\u00bb{}\u00bb][et_pb_column type=\u00bb1_2&#8243; _builder_version=\u00bb4.24.2&#8243; _module_preset=\u00bbdefault\u00bb global_colors_info=\u00bb{}\u00bb][et_pb_image src=\u00bbhttps:\/\/pecango.com\/wp-content\/uploads\/2024\/03\/tabla-1.jpg\u00bb title_text=\u00bbtabla 1&#8243; _builder_version=\u00bb4.24.2&#8243; _module_preset=\u00bbdefault\u00bb custom_margin=\u00bb||49px|||\u00bb global_colors_info=\u00bb{}\u00bb][\/et_pb_image][\/et_pb_column][et_pb_column type=\u00bb1_2&#8243; _builder_version=\u00bb4.24.2&#8243; _module_preset=\u00bbdefault\u00bb global_colors_info=\u00bb{}\u00bb][et_pb_image src=\u00bbhttps:\/\/pecango.com\/wp-content\/uploads\/2024\/03\/tabla-2.jpg\u00bb title_text=\u00bbtabla 2&#8243; align=\u00bbcenter\u00bb _builder_version=\u00bb4.24.2&#8243; _module_preset=\u00bbdefault\u00bb custom_margin=\u00bb-23px||48px|||\u00bb global_colors_info=\u00bb{}\u00bb][\/et_pb_image][\/et_pb_column][\/et_pb_row][et_pb_row _builder_version=\u00bb4.24.2&#8243; _module_preset=\u00bbdefault\u00bb custom_margin=\u00bb-59px|auto||auto||\u00bb][et_pb_column _builder_version=\u00bb4.24.2&#8243; _module_preset=\u00bbdefault\u00bb type=\u00bb4_4&#8243;][et_pb_image src=\u00bbhttps:\/\/pecango.com\/wp-content\/uploads\/2024\/02\/nueces3bodegon-1.jpg\u00bb _builder_version=\u00bb4.24.2&#8243; _module_preset=\u00bbdefault\u00bb title_text=\u00bbnueces3bodegon-1&#8243; hover_enabled=\u00bb0&#8243; sticky_enabled=\u00bb0&#8243; align=\u00bbcenter\u00bb][\/et_pb_image][\/et_pb_column][\/et_pb_row][et_pb_row _builder_version=\u00bb4.24.2&#8243; _module_preset=\u00bbdefault\u00bb column_structure=\u00bb1_2,1_2&#8243;][et_pb_column _builder_version=\u00bb4.24.2&#8243; _module_preset=\u00bbdefault\u00bb type=\u00bb1_2&#8243;][et_pb_image src=\u00bbhttps:\/\/pecango.com\/wp-content\/uploads\/2024\/03\/tabla-3.jpg\u00bb title_text=\u00bbtabla 3&#8243; align=\u00bbcenter\u00bb _builder_version=\u00bb4.24.2&#8243; _module_preset=\u00bbdefault\u00bb global_colors_info=\u00bb{}\u00bb][\/et_pb_image][\/et_pb_column][et_pb_column _builder_version=\u00bb4.24.2&#8243; _module_preset=\u00bbdefault\u00bb type=\u00bb1_2&#8243;][et_pb_image src=\u00bbhttps:\/\/pecango.com\/wp-content\/uploads\/2024\/03\/tabla-4.jpg\u00bb title_text=\u00bbtabla 4&#8243; align=\u00bbcenter\u00bb _builder_version=\u00bb4.24.2&#8243; _module_preset=\u00bbdefault\u00bb custom_margin=\u00bb25px|||||\u00bb global_colors_info=\u00bb{}\u00bb][\/et_pb_image][\/et_pb_column][\/et_pb_row][\/et_pb_section]\n","protected":false},"excerpt":{"rendered":"<p>Nuestros productos\u00a1Pr\u00f3ximamente disponible nuestra tienda online de pecanas! Nos dedicamos exclusivamente al cultivo y venta del Pec\u00e1n (Carya Illionensis) tanto en c\u00e1scara como en grano, comercializando toda nuestra producci\u00f3n y la de nuestros clientes.CREAM FANCY\u00a0 GRADEGOLDEN FANCY GRADELIGHT BROWN FANCY GRADEBROWN STANDARD GRADEBLACK DAMAGED<\/p>","protected":false},"author":1,"featured_media":0,"parent":0,"menu_order":0,"comment_status":"closed","ping_status":"closed","template":"","meta":{"_et_pb_use_builder":"on","_et_pb_old_content":"","_et_gb_content_width":"","footnotes":""},"class_list":["post-278","page","type-page","status-publish","hentry"],"yoast_head":"<!-- This site is optimized with the Yoast SEO plugin v27.3 - https:\/\/yoast.com\/product\/yoast-seo-wordpress\/ -->\n<title>Variedades de Nueces de Pec\u00e1n | Conoce Nuestros Productos - Pecan &amp; Go<\/title>\n<meta name=\"description\" content=\"Explora nuestras variedades de nueces de pec\u00e1n de la mejor calidad.Disponibles con o sin c\u00e1scara, listas para consumo o venta. Descubre m\u00e1s en Pecan &amp;Go.\" \/>\n<meta name=\"robots\" content=\"index, follow, max-snippet:-1, max-image-preview:large, max-video-preview:-1\" \/>\n<link rel=\"canonical\" href=\"https:\/\/pecango.com\/en\/nuestros-productos\/\" \/>\n<meta property=\"og:locale\" content=\"en_US\" \/>\n<meta property=\"og:type\" content=\"article\" \/>\n<meta property=\"og:title\" content=\"Variedades de Nueces de Pec\u00e1n | Conoce Nuestros Productos - Pecan &amp; Go\" \/>\n<meta property=\"og:description\" content=\"Explora nuestras variedades de nueces de pec\u00e1n de la mejor calidad.Disponibles con o sin c\u00e1scara, listas para consumo o venta. Descubre m\u00e1s en Pecan &amp;Go.\" \/>\n<meta property=\"og:url\" content=\"https:\/\/pecango.com\/en\/nuestros-productos\/\" \/>\n<meta property=\"og:site_name\" content=\"Pecan&amp;Go\" \/>\n<meta property=\"article:modified_time\" content=\"2025-03-21T08:09:00+00:00\" \/>\n<meta name=\"twitter:card\" content=\"summary_large_image\" \/>\n<meta name=\"twitter:label1\" content=\"Est. reading time\" \/>\n\t<meta name=\"twitter:data1\" content=\"4 minutes\" \/>\n<script type=\"application\/ld+json\" class=\"yoast-schema-graph\">{\"@context\":\"https:\\\/\\\/schema.org\",\"@graph\":[{\"@type\":\"WebPage\",\"@id\":\"https:\\\/\\\/pecango.com\\\/nuestros-productos\\\/\",\"url\":\"https:\\\/\\\/pecango.com\\\/nuestros-productos\\\/\",\"name\":\"Variedades de Nueces de Pec\u00e1n | Conoce Nuestros Productos - Pecan & Go\",\"isPartOf\":{\"@id\":\"https:\\\/\\\/pecango.com\\\/#website\"},\"datePublished\":\"2024-02-27T09:10:31+00:00\",\"dateModified\":\"2025-03-21T08:09:00+00:00\",\"description\":\"Explora nuestras variedades de nueces de pec\u00e1n de la mejor calidad.Disponibles con o sin c\u00e1scara, listas para consumo o venta. Descubre m\u00e1s en Pecan &Go.\",\"breadcrumb\":{\"@id\":\"https:\\\/\\\/pecango.com\\\/nuestros-productos\\\/#breadcrumb\"},\"inLanguage\":\"en-US\",\"potentialAction\":[{\"@type\":\"ReadAction\",\"target\":[\"https:\\\/\\\/pecango.com\\\/nuestros-productos\\\/\"]}]},{\"@type\":\"BreadcrumbList\",\"@id\":\"https:\\\/\\\/pecango.com\\\/nuestros-productos\\\/#breadcrumb\",\"itemListElement\":[{\"@type\":\"ListItem\",\"position\":1,\"name\":\"Portada\",\"item\":\"https:\\\/\\\/pecango.com\\\/\"},{\"@type\":\"ListItem\",\"position\":2,\"name\":\"Nuestros productos\"}]},{\"@type\":\"WebSite\",\"@id\":\"https:\\\/\\\/pecango.com\\\/#website\",\"url\":\"https:\\\/\\\/pecango.com\\\/\",\"name\":\"Pecan&amp;Go\",\"description\":\"\",\"potentialAction\":[{\"@type\":\"SearchAction\",\"target\":{\"@type\":\"EntryPoint\",\"urlTemplate\":\"https:\\\/\\\/pecango.com\\\/?s={search_term_string}\"},\"query-input\":{\"@type\":\"PropertyValueSpecification\",\"valueRequired\":true,\"valueName\":\"search_term_string\"}}],\"inLanguage\":\"en-US\"}]}<\/script>\n<!-- \/ Yoast SEO plugin. -->","yoast_head_json":{"title":"Variedades de Nueces de Pec\u00e1n | Conoce Nuestros Productos - Pecan & Go","description":"Explora nuestras variedades de nueces de pec\u00e1n de la mejor calidad.Disponibles con o sin c\u00e1scara, listas para consumo o venta. Descubre m\u00e1s en Pecan &Go.","robots":{"index":"index","follow":"follow","max-snippet":"max-snippet:-1","max-image-preview":"max-image-preview:large","max-video-preview":"max-video-preview:-1"},"canonical":"https:\/\/pecango.com\/en\/nuestros-productos\/","og_locale":"en_US","og_type":"article","og_title":"Variedades de Nueces de Pec\u00e1n | Conoce Nuestros Productos - Pecan & Go","og_description":"Explora nuestras variedades de nueces de pec\u00e1n de la mejor calidad.Disponibles con o sin c\u00e1scara, listas para consumo o venta. Descubre m\u00e1s en Pecan &Go.","og_url":"https:\/\/pecango.com\/en\/nuestros-productos\/","og_site_name":"Pecan&amp;Go","article_modified_time":"2025-03-21T08:09:00+00:00","twitter_card":"summary_large_image","twitter_misc":{"Est. reading time":"4 minutes"},"schema":{"@context":"https:\/\/schema.org","@graph":[{"@type":"WebPage","@id":"https:\/\/pecango.com\/nuestros-productos\/","url":"https:\/\/pecango.com\/nuestros-productos\/","name":"Variedades de Nueces de Pec\u00e1n | Conoce Nuestros Productos - Pecan & Go","isPartOf":{"@id":"https:\/\/pecango.com\/#website"},"datePublished":"2024-02-27T09:10:31+00:00","dateModified":"2025-03-21T08:09:00+00:00","description":"Explora nuestras variedades de nueces de pec\u00e1n de la mejor calidad.Disponibles con o sin c\u00e1scara, listas para consumo o venta. Descubre m\u00e1s en Pecan &Go.","breadcrumb":{"@id":"https:\/\/pecango.com\/nuestros-productos\/#breadcrumb"},"inLanguage":"en-US","potentialAction":[{"@type":"ReadAction","target":["https:\/\/pecango.com\/nuestros-productos\/"]}]},{"@type":"BreadcrumbList","@id":"https:\/\/pecango.com\/nuestros-productos\/#breadcrumb","itemListElement":[{"@type":"ListItem","position":1,"name":"Portada","item":"https:\/\/pecango.com\/"},{"@type":"ListItem","position":2,"name":"Nuestros productos"}]},{"@type":"WebSite","@id":"https:\/\/pecango.com\/#website","url":"https:\/\/pecango.com\/","name":"Pecan&amp;Go","description":"","potentialAction":[{"@type":"SearchAction","target":{"@type":"EntryPoint","urlTemplate":"https:\/\/pecango.com\/?s={search_term_string}"},"query-input":{"@type":"PropertyValueSpecification","valueRequired":true,"valueName":"search_term_string"}}],"inLanguage":"en-US"}]}},"_links":{"self":[{"href":"https:\/\/pecango.com\/en\/wp-json\/wp\/v2\/pages\/278","targetHints":{"allow":["GET"]}}],"collection":[{"href":"https:\/\/pecango.com\/en\/wp-json\/wp\/v2\/pages"}],"about":[{"href":"https:\/\/pecango.com\/en\/wp-json\/wp\/v2\/types\/page"}],"author":[{"embeddable":true,"href":"https:\/\/pecango.com\/en\/wp-json\/wp\/v2\/users\/1"}],"replies":[{"embeddable":true,"href":"https:\/\/pecango.com\/en\/wp-json\/wp\/v2\/comments?post=278"}],"version-history":[{"count":15,"href":"https:\/\/pecango.com\/en\/wp-json\/wp\/v2\/pages\/278\/revisions"}],"predecessor-version":[{"id":398,"href":"https:\/\/pecango.com\/en\/wp-json\/wp\/v2\/pages\/278\/revisions\/398"}],"wp:attachment":[{"href":"https:\/\/pecango.com\/en\/wp-json\/wp\/v2\/media?parent=278"}],"curies":[{"name":"wp","href":"https:\/\/api.w.org\/{rel}","templated":true}]}}